{"id":97,"date":"2025-03-28T10:29:29","date_gmt":"2025-03-28T10:29:29","guid":{"rendered":"https:\/\/www.acerina.fi\/?page_id=97"},"modified":"2025-04-25T09:28:54","modified_gmt":"2025-04-25T09:28:54","slug":"it-projektien-ja-hankkeiden-johtaminen","status":"publish","type":"page","link":"https:\/\/www.acerina.fi\/index.php\/palvelut\/it-projektien-ja-hankkeiden-johtaminen\/","title":{"rendered":"IT-projektien ja hankkeiden johtaminen"},"content":{"rendered":"<p><!-- Calendly badge widget begin -->\n<link href=\"https:\/\/assets.calendly.com\/assets\/external\/widget.css\" rel=\"stylesheet\">\n<script src=\"https:\/\/assets.calendly.com\/assets\/external\/widget.js\" type=\"text\/javascript\" async><\/script><br \/>\n<script type=\"text\/javascript\">window.onload = function() { Calendly.initBadgeWidget({ url: 'https:\/\/calendly.com\/juha-kiiski-acerina\/30min', text: 'Varaa minulta aika!', color: '#1a1a1a', textColor: '#ffffff' }); }<\/script><br \/>\n<!-- Calendly badge widget end --><\/p>\n\n\n\n<p>Suurten IT-hankkeiden onnistuminen vaatii osaavaa johtamista. Jos j\u00e4rjestelm\u00e4n uudistus on ajankohtainen tai IT-projekti on ajautunut vaikeuksiin, kokenut interim-johtajamme varmistaa, ett\u00e4 aikataulut pit\u00e4v\u00e4t, kustannukset pysyv\u00e4t kurissa ja lopputulos tukee liiketoimintaanne. Kyseess\u00e4 voi olla projekti, johon liiketoimintavaatimuksia ei ole riitt\u00e4v\u00e4sti huomioitu vaan IT on joutunut toteuttamaan kehityst\u00e4 omin voimin. Yhdistet\u00e4\u00e4n liiketoiminnan tarve projektin p\u00e4\u00e4m\u00e4\u00e4riin, laitetaan projektin johtaminen kuntoon ja lopputulos on menestys.<\/p>\n\n\n\n<p>&nbsp;\ud83d\udce9 <a href=\"http:\/\/acerina.fi\/#yhteys\" data-type=\"link\" data-id=\"acerina.fi\/#yhteys\">Ota yhteytt\u00e4<\/a> ja tehd\u00e4\u00e4n IT-projekteistanne menestys.<\/p>\n\n\n\n<p><strong>Kohderyhm\u00e4:<\/strong><\/p>\n\n\n\n<p>\ud83d\udccc Yritykset, jotka aloittavat IT-projektin tai -hankkeen, mutta joilla ei ole omaa projektijohtajaa.<br>\ud83d\udccc Organisaatiot, jotka haluavat varmistaa, ett\u00e4 IT-projekti toteutetaan hallitusti.<\/p>\n\n\n\n<p><strong>Palvelun sis\u00e4lt\u00f6:<\/strong><\/p>\n\n\n\n<p>\ud83d\udd39 IT-projektien ja j\u00e4rjestelm\u00e4hankintojen johtaminen.<br>\ud83d\udd39 J\u00e4rjestelmien kilpailutus ja k\u00e4ytt\u00f6\u00f6noton hallinta.<br>\ud83d\udd39 Toimittajahallinta ja IT-sopimusten neuvottelu.<br>\ud83d\udd39 Projektin aikataulutus, budjetointi ja riskienhallinta.<\/p>\n\n\n\n<p><strong>Hy\u00f6dyt ja lis\u00e4arvo:<\/strong><\/p>\n\n\n\n<p>\u2705 IT-projektit pysyv\u00e4t aikataulussa ja budjetissa.<br>\u2705 Paremmat toimittajasopimukset ja kustannuss\u00e4\u00e4st\u00f6t.<br>\u2705 V\u00e4ltet\u00e4\u00e4n IT-hankkeiden tyypilliset sudenkuopat.<br>\u2705 Tehokkaampi liiketoimintaprosessien digitalisointi.<\/p>\n","protected":false},"excerpt":{"rendered":"<p>Suurten IT-hankkeiden onnistuminen vaatii osaavaa johtamista. Jos j\u00e4rjestelm\u00e4n uudistus on ajankohtainen tai IT-projekti on ajautunut vaikeuksiin, kokenut interim-johtajamme varmistaa, ett\u00e4 aikataulut pit\u00e4v\u00e4t, kustannukset pysyv\u00e4t kurissa ja lopputulos tukee liiketoimintaanne. Kyseess\u00e4 voi olla projekti, johon liiketoimintavaatimuksia ei ole riitt\u00e4v\u00e4sti huomioitu vaan IT on joutunut toteuttamaan kehityst\u00e4 omin voimin. Yhdistet\u00e4\u00e4n liiketoiminnan tarve projektin p\u00e4\u00e4m\u00e4\u00e4riin, laitetaan projektin johtaminen &hellip; <\/p>\n<p class=\"link-more\"><a href=\"https:\/\/www.acerina.fi\/index.php\/palvelut\/it-projektien-ja-hankkeiden-johtaminen\/\" class=\"more-link\">Read more<span class=\"screen-reader-text\"> &#8221;IT-projektien ja hankkeiden johtaminen&#8221;<\/span><\/a><\/p>\n","protected":false},"author":1,"featured_media":0,"parent":82,"menu_order":0,"comment_status":"closed","ping_status":"closed","template":"","meta":{"inspiro_hide_title":false,"footnotes":""},"class_list":["post-97","page","type-page","status-publish","hentry"],"yoast_head":"<!-- This site is optimized with the Yoast SEO plugin v27.5 - https:\/\/yoast.com\/product\/yoast-seo-wordpress\/ -->\n<title>IT-projektien ja hankkeiden johtaminen - Acerina Oy<\/title>\n<meta name=\"description\" content=\"Suurten IT-hankkeiden onnistuminen vaatii osaavaa johtamista. Pidet\u00e4\u00e4n aikataulut ja kustannukset kurissa, liiketoimintaa huomioiden\" \/>\n<meta name=\"robots\" content=\"index, follow, max-snippet:-1, max-image-preview:large, max-video-preview:-1\" \/>\n<link rel=\"canonical\" href=\"https:\/\/www.acerina.fi\/index.php\/palvelut\/it-projektien-ja-hankkeiden-johtaminen\/\" \/>\n<meta property=\"og:locale\" content=\"fi_FI\" \/>\n<meta property=\"og:type\" content=\"article\" \/>\n<meta property=\"og:title\" content=\"IT-projektien ja hankkeiden johtaminen - Acerina Oy\" \/>\n<meta property=\"og:description\" content=\"Suurten IT-hankkeiden onnistuminen vaatii osaavaa johtamista. Pidet\u00e4\u00e4n aikataulut ja kustannukset kurissa, liiketoimintaa huomioiden\" \/>\n<meta property=\"og:url\" content=\"https:\/\/www.acerina.fi\/index.php\/palvelut\/it-projektien-ja-hankkeiden-johtaminen\/\" \/>\n<meta property=\"og:site_name\" content=\"Acerina Oy\" \/>\n<meta property=\"article:modified_time\" content=\"2025-04-25T09:28:54+00:00\" \/>\n<meta name=\"twitter:card\" content=\"summary_large_image\" \/>\n<meta name=\"twitter:label1\" content=\"Arvioitu lukuaika\" \/>\n\t<meta name=\"twitter:data1\" content=\"1 minuutti\" \/>\n<script type=\"application\/ld+json\" class=\"yoast-schema-graph\">{\"@context\":\"https:\\\/\\\/schema.org\",\"@graph\":[{\"@type\":\"WebPage\",\"@id\":\"https:\\\/\\\/www.acerina.fi\\\/index.php\\\/palvelut\\\/it-projektien-ja-hankkeiden-johtaminen\\\/\",\"url\":\"https:\\\/\\\/www.acerina.fi\\\/index.php\\\/palvelut\\\/it-projektien-ja-hankkeiden-johtaminen\\\/\",\"name\":\"IT-projektien ja hankkeiden johtaminen - Acerina Oy\",\"isPartOf\":{\"@id\":\"https:\\\/\\\/www.acerina.fi\\\/#website\"},\"datePublished\":\"2025-03-28T10:29:29+00:00\",\"dateModified\":\"2025-04-25T09:28:54+00:00\",\"description\":\"Suurten IT-hankkeiden onnistuminen vaatii osaavaa johtamista. Pidet\u00e4\u00e4n aikataulut ja kustannukset kurissa, liiketoimintaa huomioiden\",\"breadcrumb\":{\"@id\":\"https:\\\/\\\/www.acerina.fi\\\/index.php\\\/palvelut\\\/it-projektien-ja-hankkeiden-johtaminen\\\/#breadcrumb\"},\"inLanguage\":\"fi\",\"potentialAction\":[{\"@type\":\"ReadAction\",\"target\":[\"https:\\\/\\\/www.acerina.fi\\\/index.php\\\/palvelut\\\/it-projektien-ja-hankkeiden-johtaminen\\\/\"]}]},{\"@type\":\"BreadcrumbList\",\"@id\":\"https:\\\/\\\/www.acerina.fi\\\/index.php\\\/palvelut\\\/it-projektien-ja-hankkeiden-johtaminen\\\/#breadcrumb\",\"itemListElement\":[{\"@type\":\"ListItem\",\"position\":1,\"name\":\"Etusivu\",\"item\":\"https:\\\/\\\/www.acerina.fi\\\/\"},{\"@type\":\"ListItem\",\"position\":2,\"name\":\"Palvelut\",\"item\":\"https:\\\/\\\/www.acerina.fi\\\/index.php\\\/palvelut\\\/\"},{\"@type\":\"ListItem\",\"position\":3,\"name\":\"IT-projektien ja hankkeiden johtaminen\"}]},{\"@type\":\"WebSite\",\"@id\":\"https:\\\/\\\/www.acerina.fi\\\/#website\",\"url\":\"https:\\\/\\\/www.acerina.fi\\\/\",\"name\":\"Acerina Oy\",\"description\":\"IT-johtamisen palvelut k&auml;ytt&ouml;&ouml;si\",\"publisher\":{\"@id\":\"https:\\\/\\\/www.acerina.fi\\\/#organization\"},\"potentialAction\":[{\"@type\":\"SearchAction\",\"target\":{\"@type\":\"EntryPoint\",\"urlTemplate\":\"https:\\\/\\\/www.acerina.fi\\\/?s={search_term_string}\"},\"query-input\":{\"@type\":\"PropertyValueSpecification\",\"valueRequired\":true,\"valueName\":\"search_term_string\"}}],\"inLanguage\":\"fi\"},{\"@type\":\"Organization\",\"@id\":\"https:\\\/\\\/www.acerina.fi\\\/#organization\",\"name\":\"Acerina Oy\",\"url\":\"https:\\\/\\\/www.acerina.fi\\\/\",\"logo\":{\"@type\":\"ImageObject\",\"inLanguage\":\"fi\",\"@id\":\"https:\\\/\\\/www.acerina.fi\\\/#\\\/schema\\\/logo\\\/image\\\/\",\"url\":\"https:\\\/\\\/www.acerina.fi\\\/wp-content\\\/uploads\\\/2025\\\/03\\\/cropped-AcerinaNEW_logoPNG-valkoinen.png\",\"contentUrl\":\"https:\\\/\\\/www.acerina.fi\\\/wp-content\\\/uploads\\\/2025\\\/03\\\/cropped-AcerinaNEW_logoPNG-valkoinen.png\",\"width\":470,\"height\":470,\"caption\":\"Acerina Oy\"},\"image\":{\"@id\":\"https:\\\/\\\/www.acerina.fi\\\/#\\\/schema\\\/logo\\\/image\\\/\"},\"sameAs\":[\"https:\\\/\\\/www.linkedin.com\\\/company\\\/acerina-oy\\\/\"]}]}<\/script>\n<!-- \/ Yoast SEO plugin. -->","yoast_head_json":{"title":"IT-projektien ja hankkeiden johtaminen - Acerina Oy","description":"Suurten IT-hankkeiden onnistuminen vaatii osaavaa johtamista. Pidet\u00e4\u00e4n aikataulut ja kustannukset kurissa, liiketoimintaa huomioiden","robots":{"index":"index","follow":"follow","max-snippet":"max-snippet:-1","max-image-preview":"max-image-preview:large","max-video-preview":"max-video-preview:-1"},"canonical":"https:\/\/www.acerina.fi\/index.php\/palvelut\/it-projektien-ja-hankkeiden-johtaminen\/","og_locale":"fi_FI","og_type":"article","og_title":"IT-projektien ja hankkeiden johtaminen - Acerina Oy","og_description":"Suurten IT-hankkeiden onnistuminen vaatii osaavaa johtamista. Pidet\u00e4\u00e4n aikataulut ja kustannukset kurissa, liiketoimintaa huomioiden","og_url":"https:\/\/www.acerina.fi\/index.php\/palvelut\/it-projektien-ja-hankkeiden-johtaminen\/","og_site_name":"Acerina Oy","article_modified_time":"2025-04-25T09:28:54+00:00","twitter_card":"summary_large_image","twitter_misc":{"Arvioitu lukuaika":"1 minuutti"},"schema":{"@context":"https:\/\/schema.org","@graph":[{"@type":"WebPage","@id":"https:\/\/www.acerina.fi\/index.php\/palvelut\/it-projektien-ja-hankkeiden-johtaminen\/","url":"https:\/\/www.acerina.fi\/index.php\/palvelut\/it-projektien-ja-hankkeiden-johtaminen\/","name":"IT-projektien ja hankkeiden johtaminen - Acerina Oy","isPartOf":{"@id":"https:\/\/www.acerina.fi\/#website"},"datePublished":"2025-03-28T10:29:29+00:00","dateModified":"2025-04-25T09:28:54+00:00","description":"Suurten IT-hankkeiden onnistuminen vaatii osaavaa johtamista. Pidet\u00e4\u00e4n aikataulut ja kustannukset kurissa, liiketoimintaa huomioiden","breadcrumb":{"@id":"https:\/\/www.acerina.fi\/index.php\/palvelut\/it-projektien-ja-hankkeiden-johtaminen\/#breadcrumb"},"inLanguage":"fi","potentialAction":[{"@type":"ReadAction","target":["https:\/\/www.acerina.fi\/index.php\/palvelut\/it-projektien-ja-hankkeiden-johtaminen\/"]}]},{"@type":"BreadcrumbList","@id":"https:\/\/www.acerina.fi\/index.php\/palvelut\/it-projektien-ja-hankkeiden-johtaminen\/#breadcrumb","itemListElement":[{"@type":"ListItem","position":1,"name":"Etusivu","item":"https:\/\/www.acerina.fi\/"},{"@type":"ListItem","position":2,"name":"Palvelut","item":"https:\/\/www.acerina.fi\/index.php\/palvelut\/"},{"@type":"ListItem","position":3,"name":"IT-projektien ja hankkeiden johtaminen"}]},{"@type":"WebSite","@id":"https:\/\/www.acerina.fi\/#website","url":"https:\/\/www.acerina.fi\/","name":"Acerina Oy","description":"IT-johtamisen palvelut k&auml;ytt&ouml;&ouml;si","publisher":{"@id":"https:\/\/www.acerina.fi\/#organization"},"potentialAction":[{"@type":"SearchAction","target":{"@type":"EntryPoint","urlTemplate":"https:\/\/www.acerina.fi\/?s={search_term_string}"},"query-input":{"@type":"PropertyValueSpecification","valueRequired":true,"valueName":"search_term_string"}}],"inLanguage":"fi"},{"@type":"Organization","@id":"https:\/\/www.acerina.fi\/#organization","name":"Acerina Oy","url":"https:\/\/www.acerina.fi\/","logo":{"@type":"ImageObject","inLanguage":"fi","@id":"https:\/\/www.acerina.fi\/#\/schema\/logo\/image\/","url":"https:\/\/www.acerina.fi\/wp-content\/uploads\/2025\/03\/cropped-AcerinaNEW_logoPNG-valkoinen.png","contentUrl":"https:\/\/www.acerina.fi\/wp-content\/uploads\/2025\/03\/cropped-AcerinaNEW_logoPNG-valkoinen.png","width":470,"height":470,"caption":"Acerina Oy"},"image":{"@id":"https:\/\/www.acerina.fi\/#\/schema\/logo\/image\/"},"sameAs":["https:\/\/www.linkedin.com\/company\/acerina-oy\/"]}]}},"_links":{"self":[{"href":"https:\/\/www.acerina.fi\/index.php\/wp-json\/wp\/v2\/pages\/97","targetHints":{"allow":["GET"]}}],"collection":[{"href":"https:\/\/www.acerina.fi\/index.php\/wp-json\/wp\/v2\/pages"}],"about":[{"href":"https:\/\/www.acerina.fi\/index.php\/wp-json\/wp\/v2\/types\/page"}],"author":[{"embeddable":true,"href":"https:\/\/www.acerina.fi\/index.php\/wp-json\/wp\/v2\/users\/1"}],"replies":[{"embeddable":true,"href":"https:\/\/www.acerina.fi\/index.php\/wp-json\/wp\/v2\/comments?post=97"}],"version-history":[{"count":3,"href":"https:\/\/www.acerina.fi\/index.php\/wp-json\/wp\/v2\/pages\/97\/revisions"}],"predecessor-version":[{"id":213,"href":"https:\/\/www.acerina.fi\/index.php\/wp-json\/wp\/v2\/pages\/97\/revisions\/213"}],"up":[{"embeddable":true,"href":"https:\/\/www.acerina.fi\/index.php\/wp-json\/wp\/v2\/pages\/82"}],"wp:attachment":[{"href":"https:\/\/www.acerina.fi\/index.php\/wp-json\/wp\/v2\/media?parent=97"}],"curies":[{"name":"wp","href":"https:\/\/api.w.org\/{rel}","templated":true}]}}