{"id":89,"date":"2025-03-28T10:24:29","date_gmt":"2025-03-28T10:24:29","guid":{"rendered":"https:\/\/www.acerina.fi\/?page_id=89"},"modified":"2025-04-25T09:29:28","modified_gmt":"2025-04-25T09:29:28","slug":"it-strategian-kehittaminen-ja-toimeenpano","status":"publish","type":"page","link":"https:\/\/www.acerina.fi\/index.php\/palvelut\/it-strategian-kehittaminen-ja-toimeenpano\/","title":{"rendered":"IT-strategian kehitt\u00e4minen ja toimeenpano"},"content":{"rendered":"<p><!-- Calendly badge widget begin -->\n<link href=\"https:\/\/assets.calendly.com\/assets\/external\/widget.css\" rel=\"stylesheet\">\n<script src=\"https:\/\/assets.calendly.com\/assets\/external\/widget.js\" type=\"text\/javascript\" async><\/script><br \/>\n<script type=\"text\/javascript\">window.onload = function() { Calendly.initBadgeWidget({ url: 'https:\/\/calendly.com\/juha-kiiski-acerina\/30min', text: 'Varaa minulta aika!', color: '#1a1a1a', textColor: '#ffffff' }); }<\/script><br \/>\n<!-- Calendly badge widget end --><\/p>\n\n\n\n<p>Onko yrityksell\u00e4nne selke\u00e4 IT-strategia, joka tukee kasvua ja kilpailukyky\u00e4 tai ylip\u00e4\u00e4ns\u00e4 nykyist\u00e4 strategiaanne? Autamme m\u00e4\u00e4rittelem\u00e4\u00e4n ja toteuttamaan IT-strategian, joka palvelee liiketoiminnan tavoitteita. Olipa kyse digitalisaation vauhdittamisesta, pilvipalvelustrategiasta tai innovaatiohankkeista, meilt\u00e4 saat asiantuntevaa ohjausta ja k\u00e4yt\u00e4nn\u00f6n toteutusta.<\/p>\n\n\n\n<p>&nbsp;\ud83d\udce9 <a href=\"http:\/\/acerina.fi\/#yhteys\" data-type=\"link\" data-id=\"acerina.fi\/#yhteys\">Ota yhteytt\u00e4<\/a> ja vied\u00e4\u00e4n IT-strategianne uudelle tasolle.<\/p>\n\n\n\n<p><strong>Kohderyhm\u00e4:<\/strong><\/p>\n\n\n\n<p>\ud83d\udccc Pk-yritykset, joilla ei ole selke\u00e4\u00e4 IT-strategiaa tai joiden IT ei tue liiketoiminnan kasvua.<br>\ud83d\udccc Organisaatiot, jotka haluavat investoida teknologiaan tehokkaasti ja ennakoiden.<\/p>\n\n\n\n<p><strong>Palvelun sis\u00e4lt\u00f6:<\/strong><\/p>\n\n\n\n<p>\ud83d\udd39 Nykytilan analyysi ja kehityskohteiden tunnistaminen.<br>\ud83d\udd39 IT-strategian luominen liiketoimintatavoitteiden mukaisesti.<br>\ud83d\udd39 Digitalisaation roadmap: mit\u00e4 teknologioita ja kehityshankkeita tarvitaan?<br>\ud83d\udd39 IT-budjetin ja investointisuunnitelman laadinta.<\/p>\n\n\n\n<p><strong>Hy\u00f6dyt ja lis\u00e4arvo:<\/strong><\/p>\n\n\n\n<p>\u2705 <strong>Selke\u00e4 suunnitelma IT:n kehitt\u00e4miseen<\/strong> liiketoiminnan tueksi.<br>\u2705 <strong>Parempi IT-kustannusten hallinta<\/strong> ja teknologiasijoitusten kannattavuus.<br>\u2705 <strong>Tehokkaampi p\u00e4\u00e4t\u00f6ksenteko<\/strong> IT-hankinnoissa ja j\u00e4rjestelm\u00e4valinnoissa.<br>\u2705 <strong>Varmistaa kilpailukyvyn<\/strong>, kun IT tukee liiketoiminnan kehityst\u00e4.<\/p>\n","protected":false},"excerpt":{"rendered":"<p>Onko yrityksell\u00e4nne selke\u00e4 IT-strategia, joka tukee kasvua ja kilpailukyky\u00e4 tai ylip\u00e4\u00e4ns\u00e4 nykyist\u00e4 strategiaanne? Autamme m\u00e4\u00e4rittelem\u00e4\u00e4n ja toteuttamaan IT-strategian, joka palvelee liiketoiminnan tavoitteita. Olipa kyse digitalisaation vauhdittamisesta, pilvipalvelustrategiasta tai innovaatiohankkeista, meilt\u00e4 saat asiantuntevaa ohjausta ja k\u00e4yt\u00e4nn\u00f6n toteutusta. &nbsp;\ud83d\udce9 Ota yhteytt\u00e4 ja vied\u00e4\u00e4n IT-strategianne uudelle tasolle. Kohderyhm\u00e4: \ud83d\udccc Pk-yritykset, joilla ei ole selke\u00e4\u00e4 IT-strategiaa tai joiden IT &hellip; <\/p>\n<p class=\"link-more\"><a href=\"https:\/\/www.acerina.fi\/index.php\/palvelut\/it-strategian-kehittaminen-ja-toimeenpano\/\" class=\"more-link\">Read more<span class=\"screen-reader-text\"> &#8221;IT-strategian kehitt\u00e4minen ja toimeenpano&#8221;<\/span><\/a><\/p>\n","protected":false},"author":1,"featured_media":0,"parent":82,"menu_order":0,"comment_status":"closed","ping_status":"closed","template":"","meta":{"inspiro_hide_title":false,"footnotes":""},"class_list":["post-89","page","type-page","status-publish","hentry"],"yoast_head":"<!-- This site is optimized with the Yoast SEO plugin v27.4 - https:\/\/yoast.com\/product\/yoast-seo-wordpress\/ -->\n<title>IT-strategian kehitt\u00e4minen ja toimeenpano - Acerina Oy<\/title>\n<meta name=\"description\" content=\"Puuttuuko teilt\u00e4 IT-strategia tai tukeeko se kasvua ja kilpailuetua. Autamme m\u00e4\u00e4rittelem\u00e4\u00e4n strategian tukemaan liiketoiminnan tavoitteita\" \/>\n<meta name=\"robots\" content=\"index, follow, max-snippet:-1, max-image-preview:large, max-video-preview:-1\" \/>\n<link rel=\"canonical\" href=\"https:\/\/www.acerina.fi\/index.php\/palvelut\/it-strategian-kehittaminen-ja-toimeenpano\/\" \/>\n<meta property=\"og:locale\" content=\"fi_FI\" \/>\n<meta property=\"og:type\" content=\"article\" \/>\n<meta property=\"og:title\" content=\"IT-strategian kehitt\u00e4minen ja toimeenpano - Acerina Oy\" \/>\n<meta property=\"og:description\" content=\"Puuttuuko teilt\u00e4 IT-strategia tai tukeeko se kasvua ja kilpailuetua. Autamme m\u00e4\u00e4rittelem\u00e4\u00e4n strategian tukemaan liiketoiminnan tavoitteita\" \/>\n<meta property=\"og:url\" content=\"https:\/\/www.acerina.fi\/index.php\/palvelut\/it-strategian-kehittaminen-ja-toimeenpano\/\" \/>\n<meta property=\"og:site_name\" content=\"Acerina Oy\" \/>\n<meta property=\"article:modified_time\" content=\"2025-04-25T09:29:28+00:00\" \/>\n<meta name=\"twitter:card\" content=\"summary_large_image\" \/>\n<meta name=\"twitter:label1\" content=\"Arvioitu lukuaika\" \/>\n\t<meta name=\"twitter:data1\" content=\"1 minuutti\" \/>\n<script type=\"application\/ld+json\" class=\"yoast-schema-graph\">{\"@context\":\"https:\\\/\\\/schema.org\",\"@graph\":[{\"@type\":\"WebPage\",\"@id\":\"https:\\\/\\\/www.acerina.fi\\\/index.php\\\/palvelut\\\/it-strategian-kehittaminen-ja-toimeenpano\\\/\",\"url\":\"https:\\\/\\\/www.acerina.fi\\\/index.php\\\/palvelut\\\/it-strategian-kehittaminen-ja-toimeenpano\\\/\",\"name\":\"IT-strategian kehitt\u00e4minen ja toimeenpano - Acerina Oy\",\"isPartOf\":{\"@id\":\"https:\\\/\\\/www.acerina.fi\\\/#website\"},\"datePublished\":\"2025-03-28T10:24:29+00:00\",\"dateModified\":\"2025-04-25T09:29:28+00:00\",\"description\":\"Puuttuuko teilt\u00e4 IT-strategia tai tukeeko se kasvua ja kilpailuetua. Autamme m\u00e4\u00e4rittelem\u00e4\u00e4n strategian tukemaan liiketoiminnan tavoitteita\",\"breadcrumb\":{\"@id\":\"https:\\\/\\\/www.acerina.fi\\\/index.php\\\/palvelut\\\/it-strategian-kehittaminen-ja-toimeenpano\\\/#breadcrumb\"},\"inLanguage\":\"fi\",\"potentialAction\":[{\"@type\":\"ReadAction\",\"target\":[\"https:\\\/\\\/www.acerina.fi\\\/index.php\\\/palvelut\\\/it-strategian-kehittaminen-ja-toimeenpano\\\/\"]}]},{\"@type\":\"BreadcrumbList\",\"@id\":\"https:\\\/\\\/www.acerina.fi\\\/index.php\\\/palvelut\\\/it-strategian-kehittaminen-ja-toimeenpano\\\/#breadcrumb\",\"itemListElement\":[{\"@type\":\"ListItem\",\"position\":1,\"name\":\"Etusivu\",\"item\":\"https:\\\/\\\/www.acerina.fi\\\/\"},{\"@type\":\"ListItem\",\"position\":2,\"name\":\"Palvelut\",\"item\":\"https:\\\/\\\/www.acerina.fi\\\/index.php\\\/palvelut\\\/\"},{\"@type\":\"ListItem\",\"position\":3,\"name\":\"IT-strategian kehitt\u00e4minen ja toimeenpano\"}]},{\"@type\":\"WebSite\",\"@id\":\"https:\\\/\\\/www.acerina.fi\\\/#website\",\"url\":\"https:\\\/\\\/www.acerina.fi\\\/\",\"name\":\"Acerina Oy\",\"description\":\"IT-johtamisen palvelut k&auml;ytt&ouml;&ouml;si\",\"publisher\":{\"@id\":\"https:\\\/\\\/www.acerina.fi\\\/#organization\"},\"potentialAction\":[{\"@type\":\"SearchAction\",\"target\":{\"@type\":\"EntryPoint\",\"urlTemplate\":\"https:\\\/\\\/www.acerina.fi\\\/?s={search_term_string}\"},\"query-input\":{\"@type\":\"PropertyValueSpecification\",\"valueRequired\":true,\"valueName\":\"search_term_string\"}}],\"inLanguage\":\"fi\"},{\"@type\":\"Organization\",\"@id\":\"https:\\\/\\\/www.acerina.fi\\\/#organization\",\"name\":\"Acerina Oy\",\"url\":\"https:\\\/\\\/www.acerina.fi\\\/\",\"logo\":{\"@type\":\"ImageObject\",\"inLanguage\":\"fi\",\"@id\":\"https:\\\/\\\/www.acerina.fi\\\/#\\\/schema\\\/logo\\\/image\\\/\",\"url\":\"https:\\\/\\\/www.acerina.fi\\\/wp-content\\\/uploads\\\/2025\\\/03\\\/cropped-AcerinaNEW_logoPNG-valkoinen.png\",\"contentUrl\":\"https:\\\/\\\/www.acerina.fi\\\/wp-content\\\/uploads\\\/2025\\\/03\\\/cropped-AcerinaNEW_logoPNG-valkoinen.png\",\"width\":470,\"height\":470,\"caption\":\"Acerina Oy\"},\"image\":{\"@id\":\"https:\\\/\\\/www.acerina.fi\\\/#\\\/schema\\\/logo\\\/image\\\/\"},\"sameAs\":[\"https:\\\/\\\/www.linkedin.com\\\/company\\\/acerina-oy\\\/\"]}]}<\/script>\n<!-- \/ Yoast SEO plugin. -->","yoast_head_json":{"title":"IT-strategian kehitt\u00e4minen ja toimeenpano - Acerina Oy","description":"Puuttuuko teilt\u00e4 IT-strategia tai tukeeko se kasvua ja kilpailuetua. Autamme m\u00e4\u00e4rittelem\u00e4\u00e4n strategian tukemaan liiketoiminnan tavoitteita","robots":{"index":"index","follow":"follow","max-snippet":"max-snippet:-1","max-image-preview":"max-image-preview:large","max-video-preview":"max-video-preview:-1"},"canonical":"https:\/\/www.acerina.fi\/index.php\/palvelut\/it-strategian-kehittaminen-ja-toimeenpano\/","og_locale":"fi_FI","og_type":"article","og_title":"IT-strategian kehitt\u00e4minen ja toimeenpano - Acerina Oy","og_description":"Puuttuuko teilt\u00e4 IT-strategia tai tukeeko se kasvua ja kilpailuetua. Autamme m\u00e4\u00e4rittelem\u00e4\u00e4n strategian tukemaan liiketoiminnan tavoitteita","og_url":"https:\/\/www.acerina.fi\/index.php\/palvelut\/it-strategian-kehittaminen-ja-toimeenpano\/","og_site_name":"Acerina Oy","article_modified_time":"2025-04-25T09:29:28+00:00","twitter_card":"summary_large_image","twitter_misc":{"Arvioitu lukuaika":"1 minuutti"},"schema":{"@context":"https:\/\/schema.org","@graph":[{"@type":"WebPage","@id":"https:\/\/www.acerina.fi\/index.php\/palvelut\/it-strategian-kehittaminen-ja-toimeenpano\/","url":"https:\/\/www.acerina.fi\/index.php\/palvelut\/it-strategian-kehittaminen-ja-toimeenpano\/","name":"IT-strategian kehitt\u00e4minen ja toimeenpano - Acerina Oy","isPartOf":{"@id":"https:\/\/www.acerina.fi\/#website"},"datePublished":"2025-03-28T10:24:29+00:00","dateModified":"2025-04-25T09:29:28+00:00","description":"Puuttuuko teilt\u00e4 IT-strategia tai tukeeko se kasvua ja kilpailuetua. Autamme m\u00e4\u00e4rittelem\u00e4\u00e4n strategian tukemaan liiketoiminnan tavoitteita","breadcrumb":{"@id":"https:\/\/www.acerina.fi\/index.php\/palvelut\/it-strategian-kehittaminen-ja-toimeenpano\/#breadcrumb"},"inLanguage":"fi","potentialAction":[{"@type":"ReadAction","target":["https:\/\/www.acerina.fi\/index.php\/palvelut\/it-strategian-kehittaminen-ja-toimeenpano\/"]}]},{"@type":"BreadcrumbList","@id":"https:\/\/www.acerina.fi\/index.php\/palvelut\/it-strategian-kehittaminen-ja-toimeenpano\/#breadcrumb","itemListElement":[{"@type":"ListItem","position":1,"name":"Etusivu","item":"https:\/\/www.acerina.fi\/"},{"@type":"ListItem","position":2,"name":"Palvelut","item":"https:\/\/www.acerina.fi\/index.php\/palvelut\/"},{"@type":"ListItem","position":3,"name":"IT-strategian kehitt\u00e4minen ja toimeenpano"}]},{"@type":"WebSite","@id":"https:\/\/www.acerina.fi\/#website","url":"https:\/\/www.acerina.fi\/","name":"Acerina Oy","description":"IT-johtamisen palvelut k&auml;ytt&ouml;&ouml;si","publisher":{"@id":"https:\/\/www.acerina.fi\/#organization"},"potentialAction":[{"@type":"SearchAction","target":{"@type":"EntryPoint","urlTemplate":"https:\/\/www.acerina.fi\/?s={search_term_string}"},"query-input":{"@type":"PropertyValueSpecification","valueRequired":true,"valueName":"search_term_string"}}],"inLanguage":"fi"},{"@type":"Organization","@id":"https:\/\/www.acerina.fi\/#organization","name":"Acerina Oy","url":"https:\/\/www.acerina.fi\/","logo":{"@type":"ImageObject","inLanguage":"fi","@id":"https:\/\/www.acerina.fi\/#\/schema\/logo\/image\/","url":"https:\/\/www.acerina.fi\/wp-content\/uploads\/2025\/03\/cropped-AcerinaNEW_logoPNG-valkoinen.png","contentUrl":"https:\/\/www.acerina.fi\/wp-content\/uploads\/2025\/03\/cropped-AcerinaNEW_logoPNG-valkoinen.png","width":470,"height":470,"caption":"Acerina Oy"},"image":{"@id":"https:\/\/www.acerina.fi\/#\/schema\/logo\/image\/"},"sameAs":["https:\/\/www.linkedin.com\/company\/acerina-oy\/"]}]}},"_links":{"self":[{"href":"https:\/\/www.acerina.fi\/index.php\/wp-json\/wp\/v2\/pages\/89","targetHints":{"allow":["GET"]}}],"collection":[{"href":"https:\/\/www.acerina.fi\/index.php\/wp-json\/wp\/v2\/pages"}],"about":[{"href":"https:\/\/www.acerina.fi\/index.php\/wp-json\/wp\/v2\/types\/page"}],"author":[{"embeddable":true,"href":"https:\/\/www.acerina.fi\/index.php\/wp-json\/wp\/v2\/users\/1"}],"replies":[{"embeddable":true,"href":"https:\/\/www.acerina.fi\/index.php\/wp-json\/wp\/v2\/comments?post=89"}],"version-history":[{"count":3,"href":"https:\/\/www.acerina.fi\/index.php\/wp-json\/wp\/v2\/pages\/89\/revisions"}],"predecessor-version":[{"id":214,"href":"https:\/\/www.acerina.fi\/index.php\/wp-json\/wp\/v2\/pages\/89\/revisions\/214"}],"up":[{"embeddable":true,"href":"https:\/\/www.acerina.fi\/index.php\/wp-json\/wp\/v2\/pages\/82"}],"wp:attachment":[{"href":"https:\/\/www.acerina.fi\/index.php\/wp-json\/wp\/v2\/media?parent=89"}],"curies":[{"name":"wp","href":"https:\/\/api.w.org\/{rel}","templated":true}]}}