{"id":104,"date":"2025-03-28T10:33:56","date_gmt":"2025-03-28T10:33:56","guid":{"rendered":"https:\/\/www.acerina.fi\/?page_id=104"},"modified":"2025-04-25T09:30:59","modified_gmt":"2025-04-25T09:30:59","slug":"kyberturvallisuuden-ja-tietosuojan-johtaminen","status":"publish","type":"page","link":"https:\/\/www.acerina.fi\/index.php\/palvelut\/kyberturvallisuuden-ja-tietosuojan-johtaminen\/","title":{"rendered":"Kyberturvallisuuden ja tietosuojan johtaminen"},"content":{"rendered":"<p><!-- Calendly badge widget begin -->\n<link href=\"https:\/\/assets.calendly.com\/assets\/external\/widget.css\" rel=\"stylesheet\">\n<script src=\"https:\/\/assets.calendly.com\/assets\/external\/widget.js\" type=\"text\/javascript\" async><\/script><br \/>\n<script type=\"text\/javascript\">window.onload = function() { Calendly.initBadgeWidget({ url: 'https:\/\/calendly.com\/juha-kiiski-acerina\/30min', text: 'Varaa minulta aika!', color: '#1a1a1a', textColor: '#ffffff' }); }<\/script><br \/>\n<!-- Calendly badge widget end --><\/p>\n\n\n\n<p>Tietoturvariskit voivat halvaannuttaa liiketoiminnan. Varmistamme, ett\u00e4 yrityksenne kyberturvallisuus on ajan tasalla, GDPR-vaatimukset t\u00e4yttyv\u00e4t ja henkil\u00f6st\u00f6 tuntee tietoturvan periaatteet. Ennakoivalla tietoturvajohtamisella voitte v\u00e4ltt\u00e4\u00e4 kalliit tietomurrot ja mainehaitat.<\/p>\n\n\n\n<p>&nbsp;\ud83d\udce9 <a href=\"http:\/\/acerina.fi\/#yhteys\" data-type=\"link\" data-id=\"acerina.fi\/#yhteys\">Ota yhteytt\u00e4<\/a> ja rakennetaan yhdess\u00e4 tietoturvallinen tulevaisuus.<\/p>\n\n\n\n<p><strong>Kohderyhm\u00e4:<\/strong><\/p>\n\n\n\n<p>\ud83d\udccc Yritykset, jotka k\u00e4sittelev\u00e4t arkaluontoista dataa (tilitoimistot, lakitoimistot, terveys- ja finanssialan yritykset).<br>\ud83d\udccc Organisaatiot, jotka haluavat suojata liiketoimintaansa kyberuhkilta ja tietoturvariskeilt\u00e4.<\/p>\n\n\n\n<p><strong>Palvelun sis\u00e4lt\u00f6:<\/strong><\/p>\n\n\n\n<p>\ud83d\udd39 Tietoturvariskien ja uhkien arviointi.<br>\ud83d\udd39 Tietosuojak\u00e4yt\u00e4nt\u00f6jen ja GDPR-vaatimusten implementointi.<br>\ud83d\udd39 Tietoturvakoulutukset henkil\u00f6st\u00f6lle.<br>\ud83d\udd39 Tietoturvapolitiikan ja -prosessien kehitt\u00e4minen.<\/p>\n\n\n\n<p><strong>Hy\u00f6dyt ja lis\u00e4arvo:<\/strong><\/p>\n\n\n\n<p>\u2705 V\u00e4ltet\u00e4\u00e4n tietoturvaloukkaukset ja tietovuodot.<br>\u2705 Varmistetaan lakis\u00e4\u00e4teinen GDPR-vaatimusten noudattaminen.<br>\u2705 Parempi asiakasluottamus ja tietoturva-ajattelu organisaatiossa.<br>\u2705 Selke\u00e4t toimintamallit tietoturvakriisien hallintaan.<\/p>\n\n\n\n<p>Lue lis\u00e4ksi <a href=\"https:\/\/www.acerina.fi\/index.php\/2025\/04\/22\/tietoturva-johtoryhmassa-on-strateginen-vastuu\/\">lyhyt blogini aiheesta<\/a>&#8230;<\/p>\n","protected":false},"excerpt":{"rendered":"<p>Tietoturvariskit voivat halvaannuttaa liiketoiminnan. Varmistamme, ett\u00e4 yrityksenne kyberturvallisuus on ajan tasalla, GDPR-vaatimukset t\u00e4yttyv\u00e4t ja henkil\u00f6st\u00f6 tuntee tietoturvan periaatteet. Ennakoivalla tietoturvajohtamisella voitte v\u00e4ltt\u00e4\u00e4 kalliit tietomurrot ja mainehaitat. &nbsp;\ud83d\udce9 Ota yhteytt\u00e4 ja rakennetaan yhdess\u00e4 tietoturvallinen tulevaisuus. Kohderyhm\u00e4: \ud83d\udccc Yritykset, jotka k\u00e4sittelev\u00e4t arkaluontoista dataa (tilitoimistot, lakitoimistot, terveys- ja finanssialan yritykset).\ud83d\udccc Organisaatiot, jotka haluavat suojata liiketoimintaansa kyberuhkilta ja tietoturvariskeilt\u00e4. &hellip; <\/p>\n<p class=\"link-more\"><a href=\"https:\/\/www.acerina.fi\/index.php\/palvelut\/kyberturvallisuuden-ja-tietosuojan-johtaminen\/\" class=\"more-link\">Read more<span class=\"screen-reader-text\"> &#8221;Kyberturvallisuuden ja tietosuojan johtaminen&#8221;<\/span><\/a><\/p>\n","protected":false},"author":1,"featured_media":0,"parent":82,"menu_order":0,"comment_status":"closed","ping_status":"closed","template":"","meta":{"inspiro_hide_title":false,"footnotes":""},"class_list":["post-104","page","type-page","status-publish","hentry"],"yoast_head":"<!-- This site is optimized with the Yoast SEO plugin v27.5 - https:\/\/yoast.com\/product\/yoast-seo-wordpress\/ -->\n<title>Kyberturvallisuuden ja tietosuojan johtaminen - Acerina Oy<\/title>\n<meta name=\"description\" content=\"Tietoturvan menett\u00e4minen voi halvaannuttaa liiketoiminnnan. Varmistetaan kyberturvan ajantasaisuus ja mm. henkil\u00f6st\u00f6n osaaminen\" \/>\n<meta name=\"robots\" content=\"index, follow, max-snippet:-1, max-image-preview:large, max-video-preview:-1\" \/>\n<link rel=\"canonical\" href=\"https:\/\/www.acerina.fi\/index.php\/palvelut\/kyberturvallisuuden-ja-tietosuojan-johtaminen\/\" \/>\n<meta property=\"og:locale\" content=\"fi_FI\" \/>\n<meta property=\"og:type\" content=\"article\" \/>\n<meta property=\"og:title\" content=\"Kyberturvallisuuden ja tietosuojan johtaminen - Acerina Oy\" \/>\n<meta property=\"og:description\" content=\"Tietoturvan menett\u00e4minen voi halvaannuttaa liiketoiminnnan. Varmistetaan kyberturvan ajantasaisuus ja mm. henkil\u00f6st\u00f6n osaaminen\" \/>\n<meta property=\"og:url\" content=\"https:\/\/www.acerina.fi\/index.php\/palvelut\/kyberturvallisuuden-ja-tietosuojan-johtaminen\/\" \/>\n<meta property=\"og:site_name\" content=\"Acerina Oy\" \/>\n<meta property=\"article:modified_time\" content=\"2025-04-25T09:30:59+00:00\" \/>\n<meta name=\"twitter:card\" content=\"summary_large_image\" \/>\n<meta name=\"twitter:label1\" content=\"Arvioitu lukuaika\" \/>\n\t<meta name=\"twitter:data1\" content=\"1 minuutti\" \/>\n<script type=\"application\/ld+json\" class=\"yoast-schema-graph\">{\"@context\":\"https:\\\/\\\/schema.org\",\"@graph\":[{\"@type\":\"WebPage\",\"@id\":\"https:\\\/\\\/www.acerina.fi\\\/index.php\\\/palvelut\\\/kyberturvallisuuden-ja-tietosuojan-johtaminen\\\/\",\"url\":\"https:\\\/\\\/www.acerina.fi\\\/index.php\\\/palvelut\\\/kyberturvallisuuden-ja-tietosuojan-johtaminen\\\/\",\"name\":\"Kyberturvallisuuden ja tietosuojan johtaminen - Acerina Oy\",\"isPartOf\":{\"@id\":\"https:\\\/\\\/www.acerina.fi\\\/#website\"},\"datePublished\":\"2025-03-28T10:33:56+00:00\",\"dateModified\":\"2025-04-25T09:30:59+00:00\",\"description\":\"Tietoturvan menett\u00e4minen voi halvaannuttaa liiketoiminnnan. Varmistetaan kyberturvan ajantasaisuus ja mm. henkil\u00f6st\u00f6n osaaminen\",\"breadcrumb\":{\"@id\":\"https:\\\/\\\/www.acerina.fi\\\/index.php\\\/palvelut\\\/kyberturvallisuuden-ja-tietosuojan-johtaminen\\\/#breadcrumb\"},\"inLanguage\":\"fi\",\"potentialAction\":[{\"@type\":\"ReadAction\",\"target\":[\"https:\\\/\\\/www.acerina.fi\\\/index.php\\\/palvelut\\\/kyberturvallisuuden-ja-tietosuojan-johtaminen\\\/\"]}]},{\"@type\":\"BreadcrumbList\",\"@id\":\"https:\\\/\\\/www.acerina.fi\\\/index.php\\\/palvelut\\\/kyberturvallisuuden-ja-tietosuojan-johtaminen\\\/#breadcrumb\",\"itemListElement\":[{\"@type\":\"ListItem\",\"position\":1,\"name\":\"Etusivu\",\"item\":\"https:\\\/\\\/www.acerina.fi\\\/\"},{\"@type\":\"ListItem\",\"position\":2,\"name\":\"Palvelut\",\"item\":\"https:\\\/\\\/www.acerina.fi\\\/index.php\\\/palvelut\\\/\"},{\"@type\":\"ListItem\",\"position\":3,\"name\":\"Kyberturvallisuuden ja tietosuojan johtaminen\"}]},{\"@type\":\"WebSite\",\"@id\":\"https:\\\/\\\/www.acerina.fi\\\/#website\",\"url\":\"https:\\\/\\\/www.acerina.fi\\\/\",\"name\":\"Acerina Oy\",\"description\":\"IT-johtamisen palvelut k&auml;ytt&ouml;&ouml;si\",\"publisher\":{\"@id\":\"https:\\\/\\\/www.acerina.fi\\\/#organization\"},\"potentialAction\":[{\"@type\":\"SearchAction\",\"target\":{\"@type\":\"EntryPoint\",\"urlTemplate\":\"https:\\\/\\\/www.acerina.fi\\\/?s={search_term_string}\"},\"query-input\":{\"@type\":\"PropertyValueSpecification\",\"valueRequired\":true,\"valueName\":\"search_term_string\"}}],\"inLanguage\":\"fi\"},{\"@type\":\"Organization\",\"@id\":\"https:\\\/\\\/www.acerina.fi\\\/#organization\",\"name\":\"Acerina Oy\",\"url\":\"https:\\\/\\\/www.acerina.fi\\\/\",\"logo\":{\"@type\":\"ImageObject\",\"inLanguage\":\"fi\",\"@id\":\"https:\\\/\\\/www.acerina.fi\\\/#\\\/schema\\\/logo\\\/image\\\/\",\"url\":\"https:\\\/\\\/www.acerina.fi\\\/wp-content\\\/uploads\\\/2025\\\/03\\\/cropped-AcerinaNEW_logoPNG-valkoinen.png\",\"contentUrl\":\"https:\\\/\\\/www.acerina.fi\\\/wp-content\\\/uploads\\\/2025\\\/03\\\/cropped-AcerinaNEW_logoPNG-valkoinen.png\",\"width\":470,\"height\":470,\"caption\":\"Acerina Oy\"},\"image\":{\"@id\":\"https:\\\/\\\/www.acerina.fi\\\/#\\\/schema\\\/logo\\\/image\\\/\"},\"sameAs\":[\"https:\\\/\\\/www.linkedin.com\\\/company\\\/acerina-oy\\\/\"]}]}<\/script>\n<!-- \/ Yoast SEO plugin. -->","yoast_head_json":{"title":"Kyberturvallisuuden ja tietosuojan johtaminen - Acerina Oy","description":"Tietoturvan menett\u00e4minen voi halvaannuttaa liiketoiminnnan. Varmistetaan kyberturvan ajantasaisuus ja mm. henkil\u00f6st\u00f6n osaaminen","robots":{"index":"index","follow":"follow","max-snippet":"max-snippet:-1","max-image-preview":"max-image-preview:large","max-video-preview":"max-video-preview:-1"},"canonical":"https:\/\/www.acerina.fi\/index.php\/palvelut\/kyberturvallisuuden-ja-tietosuojan-johtaminen\/","og_locale":"fi_FI","og_type":"article","og_title":"Kyberturvallisuuden ja tietosuojan johtaminen - Acerina Oy","og_description":"Tietoturvan menett\u00e4minen voi halvaannuttaa liiketoiminnnan. Varmistetaan kyberturvan ajantasaisuus ja mm. henkil\u00f6st\u00f6n osaaminen","og_url":"https:\/\/www.acerina.fi\/index.php\/palvelut\/kyberturvallisuuden-ja-tietosuojan-johtaminen\/","og_site_name":"Acerina Oy","article_modified_time":"2025-04-25T09:30:59+00:00","twitter_card":"summary_large_image","twitter_misc":{"Arvioitu lukuaika":"1 minuutti"},"schema":{"@context":"https:\/\/schema.org","@graph":[{"@type":"WebPage","@id":"https:\/\/www.acerina.fi\/index.php\/palvelut\/kyberturvallisuuden-ja-tietosuojan-johtaminen\/","url":"https:\/\/www.acerina.fi\/index.php\/palvelut\/kyberturvallisuuden-ja-tietosuojan-johtaminen\/","name":"Kyberturvallisuuden ja tietosuojan johtaminen - Acerina Oy","isPartOf":{"@id":"https:\/\/www.acerina.fi\/#website"},"datePublished":"2025-03-28T10:33:56+00:00","dateModified":"2025-04-25T09:30:59+00:00","description":"Tietoturvan menett\u00e4minen voi halvaannuttaa liiketoiminnnan. Varmistetaan kyberturvan ajantasaisuus ja mm. henkil\u00f6st\u00f6n osaaminen","breadcrumb":{"@id":"https:\/\/www.acerina.fi\/index.php\/palvelut\/kyberturvallisuuden-ja-tietosuojan-johtaminen\/#breadcrumb"},"inLanguage":"fi","potentialAction":[{"@type":"ReadAction","target":["https:\/\/www.acerina.fi\/index.php\/palvelut\/kyberturvallisuuden-ja-tietosuojan-johtaminen\/"]}]},{"@type":"BreadcrumbList","@id":"https:\/\/www.acerina.fi\/index.php\/palvelut\/kyberturvallisuuden-ja-tietosuojan-johtaminen\/#breadcrumb","itemListElement":[{"@type":"ListItem","position":1,"name":"Etusivu","item":"https:\/\/www.acerina.fi\/"},{"@type":"ListItem","position":2,"name":"Palvelut","item":"https:\/\/www.acerina.fi\/index.php\/palvelut\/"},{"@type":"ListItem","position":3,"name":"Kyberturvallisuuden ja tietosuojan johtaminen"}]},{"@type":"WebSite","@id":"https:\/\/www.acerina.fi\/#website","url":"https:\/\/www.acerina.fi\/","name":"Acerina Oy","description":"IT-johtamisen palvelut k&auml;ytt&ouml;&ouml;si","publisher":{"@id":"https:\/\/www.acerina.fi\/#organization"},"potentialAction":[{"@type":"SearchAction","target":{"@type":"EntryPoint","urlTemplate":"https:\/\/www.acerina.fi\/?s={search_term_string}"},"query-input":{"@type":"PropertyValueSpecification","valueRequired":true,"valueName":"search_term_string"}}],"inLanguage":"fi"},{"@type":"Organization","@id":"https:\/\/www.acerina.fi\/#organization","name":"Acerina Oy","url":"https:\/\/www.acerina.fi\/","logo":{"@type":"ImageObject","inLanguage":"fi","@id":"https:\/\/www.acerina.fi\/#\/schema\/logo\/image\/","url":"https:\/\/www.acerina.fi\/wp-content\/uploads\/2025\/03\/cropped-AcerinaNEW_logoPNG-valkoinen.png","contentUrl":"https:\/\/www.acerina.fi\/wp-content\/uploads\/2025\/03\/cropped-AcerinaNEW_logoPNG-valkoinen.png","width":470,"height":470,"caption":"Acerina Oy"},"image":{"@id":"https:\/\/www.acerina.fi\/#\/schema\/logo\/image\/"},"sameAs":["https:\/\/www.linkedin.com\/company\/acerina-oy\/"]}]}},"_links":{"self":[{"href":"https:\/\/www.acerina.fi\/index.php\/wp-json\/wp\/v2\/pages\/104","targetHints":{"allow":["GET"]}}],"collection":[{"href":"https:\/\/www.acerina.fi\/index.php\/wp-json\/wp\/v2\/pages"}],"about":[{"href":"https:\/\/www.acerina.fi\/index.php\/wp-json\/wp\/v2\/types\/page"}],"author":[{"embeddable":true,"href":"https:\/\/www.acerina.fi\/index.php\/wp-json\/wp\/v2\/users\/1"}],"replies":[{"embeddable":true,"href":"https:\/\/www.acerina.fi\/index.php\/wp-json\/wp\/v2\/comments?post=104"}],"version-history":[{"count":3,"href":"https:\/\/www.acerina.fi\/index.php\/wp-json\/wp\/v2\/pages\/104\/revisions"}],"predecessor-version":[{"id":218,"href":"https:\/\/www.acerina.fi\/index.php\/wp-json\/wp\/v2\/pages\/104\/revisions\/218"}],"up":[{"embeddable":true,"href":"https:\/\/www.acerina.fi\/index.php\/wp-json\/wp\/v2\/pages\/82"}],"wp:attachment":[{"href":"https:\/\/www.acerina.fi\/index.php\/wp-json\/wp\/v2\/media?parent=104"}],"curies":[{"name":"wp","href":"https:\/\/api.w.org\/{rel}","templated":true}]}}