{"id":100,"date":"2025-03-28T10:31:52","date_gmt":"2025-03-28T10:31:52","guid":{"rendered":"https:\/\/www.acerina.fi\/?page_id=100"},"modified":"2025-04-25T09:29:49","modified_gmt":"2025-04-25T09:29:49","slug":"it-ulkoistuksen-ja-palveluntuottajien-hallinta","status":"publish","type":"page","link":"https:\/\/www.acerina.fi\/index.php\/palvelut\/it-ulkoistuksen-ja-palveluntuottajien-hallinta\/","title":{"rendered":"IT-ulkoistuksen ja palveluntuottajien hallinta"},"content":{"rendered":"<p><!-- Calendly badge widget begin -->\n<link href=\"https:\/\/assets.calendly.com\/assets\/external\/widget.css\" rel=\"stylesheet\">\n<script src=\"https:\/\/assets.calendly.com\/assets\/external\/widget.js\" type=\"text\/javascript\" async><\/script><br \/>\n<script type=\"text\/javascript\">window.onload = function() { Calendly.initBadgeWidget({ url: 'https:\/\/calendly.com\/juha-kiiski-acerina\/30min', text: 'Varaa minulta aika!', color: '#1a1a1a', textColor: '#ffffff' }); }<\/script><br \/>\n<!-- Calendly badge widget end --><\/p>\n\n\n\n<p>Maksatteko IT-palveluistanne liikaa? Onko ulkoistettu IT aidosti liiketoimintanne tukena? Autamme kilpailuttamaan IT-palvelut, hallitsemaan ulkoistussopimuksia ja varmistamaan, ett\u00e4 saatte investoinneillenne t\u00e4yden vastineen.<\/p>\n\n\n\n<p>&nbsp;\ud83d\udce9 <a href=\"http:\/\/acerina.fi\/#yhteys\" data-type=\"link\" data-id=\"acerina.fi\/#yhteys\">Ota yhteytt\u00e4<\/a> ja katsotaan, miten IT-ulkoistus saadaan tukemaan liiketoimintanne tavoitteita paremmin.<\/p>\n\n\n\n<p><strong>Kohderyhm\u00e4:<\/strong><\/p>\n\n\n\n<p>\ud83d\udccc Pk-yritykset, jotka haluavat ulkoistaa IT-palveluita tehokkaasti ja hallitusti.<br>\ud83d\udccc Organisaatiot, joiden IT-ulkoistus ei tuota toivottua lis\u00e4arvoa.<\/p>\n\n\n\n<p><strong>Palvelun sis\u00e4lt\u00f6:<\/strong><\/p>\n\n\n\n<p>\ud83d\udd39 IT-ulkoistuksen suunnittelu ja kilpailutus.<br>\ud83d\udd39 Ulkoistussopimusten tarkistus ja optimointi.<br>\ud83d\udd39 IT-palvelutuottajien suorituskyvyn hallinta.<br>\ud83d\udd39 IT-kustannusten l\u00e4pin\u00e4kyvyys ja optimointi.<\/p>\n\n\n\n<p><strong>Hy\u00f6dyt ja lis\u00e4arvo:<\/strong> <\/p>\n\n\n\n<p>\u2705 Kustannuss\u00e4\u00e4st\u00f6t ja tehokkaampi IT-ulkoistus.<br>\u2705 Selke\u00e4mm\u00e4t sopimukset ja laadukkaampi IT-palvelu.<br>\u2705 Toimittajien kilpailuttaminen varmistaa parhaan hinnan ja laadun.<br>\u2705 Varmistaa, ett\u00e4 IT tukee liiketoimintaa eik\u00e4 vain teknologiaa<\/p>\n","protected":false},"excerpt":{"rendered":"<p>Maksatteko IT-palveluistanne liikaa? Onko ulkoistettu IT aidosti liiketoimintanne tukena? Autamme kilpailuttamaan IT-palvelut, hallitsemaan ulkoistussopimuksia ja varmistamaan, ett\u00e4 saatte investoinneillenne t\u00e4yden vastineen. &nbsp;\ud83d\udce9 Ota yhteytt\u00e4 ja katsotaan, miten IT-ulkoistus saadaan tukemaan liiketoimintanne tavoitteita paremmin. Kohderyhm\u00e4: \ud83d\udccc Pk-yritykset, jotka haluavat ulkoistaa IT-palveluita tehokkaasti ja hallitusti.\ud83d\udccc Organisaatiot, joiden IT-ulkoistus ei tuota toivottua lis\u00e4arvoa. Palvelun sis\u00e4lt\u00f6: \ud83d\udd39 IT-ulkoistuksen suunnittelu &hellip; <\/p>\n<p class=\"link-more\"><a href=\"https:\/\/www.acerina.fi\/index.php\/palvelut\/it-ulkoistuksen-ja-palveluntuottajien-hallinta\/\" class=\"more-link\">Read more<span class=\"screen-reader-text\"> &#8221;IT-ulkoistuksen ja palveluntuottajien hallinta&#8221;<\/span><\/a><\/p>\n","protected":false},"author":1,"featured_media":0,"parent":82,"menu_order":0,"comment_status":"closed","ping_status":"closed","template":"","meta":{"inspiro_hide_title":false,"footnotes":""},"class_list":["post-100","page","type-page","status-publish","hentry"],"yoast_head":"<!-- This site is optimized with the Yoast SEO plugin v27.6 - https:\/\/yoast.com\/product\/yoast-seo-wordpress\/ -->\n<title>IT-ulkoistuksen ja palveluntuottajien hallinta - Acerina Oy<\/title>\n<meta name=\"description\" content=\"Maksatteko IT-palveluistanne liikaa tai onko ulkoistettu IT aidosti liiketoiminnan tukena. Autamme kilpailutuksissa ja sopimuksissa\" \/>\n<meta name=\"robots\" content=\"index, follow, max-snippet:-1, max-image-preview:large, max-video-preview:-1\" \/>\n<link rel=\"canonical\" href=\"https:\/\/www.acerina.fi\/index.php\/palvelut\/it-ulkoistuksen-ja-palveluntuottajien-hallinta\/\" \/>\n<meta property=\"og:locale\" content=\"fi_FI\" \/>\n<meta property=\"og:type\" content=\"article\" \/>\n<meta property=\"og:title\" content=\"IT-ulkoistuksen ja palveluntuottajien hallinta - Acerina Oy\" \/>\n<meta property=\"og:description\" content=\"Maksatteko IT-palveluistanne liikaa tai onko ulkoistettu IT aidosti liiketoiminnan tukena. Autamme kilpailutuksissa ja sopimuksissa\" \/>\n<meta property=\"og:url\" content=\"https:\/\/www.acerina.fi\/index.php\/palvelut\/it-ulkoistuksen-ja-palveluntuottajien-hallinta\/\" \/>\n<meta property=\"og:site_name\" content=\"Acerina Oy\" \/>\n<meta property=\"article:modified_time\" content=\"2025-04-25T09:29:49+00:00\" \/>\n<meta name=\"twitter:card\" content=\"summary_large_image\" \/>\n<meta name=\"twitter:label1\" content=\"Arvioitu lukuaika\" \/>\n\t<meta name=\"twitter:data1\" content=\"1 minuutti\" \/>\n<script type=\"application\/ld+json\" class=\"yoast-schema-graph\">{\"@context\":\"https:\\\/\\\/schema.org\",\"@graph\":[{\"@type\":\"WebPage\",\"@id\":\"https:\\\/\\\/www.acerina.fi\\\/index.php\\\/palvelut\\\/it-ulkoistuksen-ja-palveluntuottajien-hallinta\\\/\",\"url\":\"https:\\\/\\\/www.acerina.fi\\\/index.php\\\/palvelut\\\/it-ulkoistuksen-ja-palveluntuottajien-hallinta\\\/\",\"name\":\"IT-ulkoistuksen ja palveluntuottajien hallinta - Acerina Oy\",\"isPartOf\":{\"@id\":\"https:\\\/\\\/www.acerina.fi\\\/#website\"},\"datePublished\":\"2025-03-28T10:31:52+00:00\",\"dateModified\":\"2025-04-25T09:29:49+00:00\",\"description\":\"Maksatteko IT-palveluistanne liikaa tai onko ulkoistettu IT aidosti liiketoiminnan tukena. Autamme kilpailutuksissa ja sopimuksissa\",\"breadcrumb\":{\"@id\":\"https:\\\/\\\/www.acerina.fi\\\/index.php\\\/palvelut\\\/it-ulkoistuksen-ja-palveluntuottajien-hallinta\\\/#breadcrumb\"},\"inLanguage\":\"fi\",\"potentialAction\":[{\"@type\":\"ReadAction\",\"target\":[\"https:\\\/\\\/www.acerina.fi\\\/index.php\\\/palvelut\\\/it-ulkoistuksen-ja-palveluntuottajien-hallinta\\\/\"]}]},{\"@type\":\"BreadcrumbList\",\"@id\":\"https:\\\/\\\/www.acerina.fi\\\/index.php\\\/palvelut\\\/it-ulkoistuksen-ja-palveluntuottajien-hallinta\\\/#breadcrumb\",\"itemListElement\":[{\"@type\":\"ListItem\",\"position\":1,\"name\":\"Etusivu\",\"item\":\"https:\\\/\\\/www.acerina.fi\\\/\"},{\"@type\":\"ListItem\",\"position\":2,\"name\":\"Palvelut\",\"item\":\"https:\\\/\\\/www.acerina.fi\\\/index.php\\\/palvelut\\\/\"},{\"@type\":\"ListItem\",\"position\":3,\"name\":\"IT-ulkoistuksen ja palveluntuottajien hallinta\"}]},{\"@type\":\"WebSite\",\"@id\":\"https:\\\/\\\/www.acerina.fi\\\/#website\",\"url\":\"https:\\\/\\\/www.acerina.fi\\\/\",\"name\":\"Acerina Oy\",\"description\":\"IT-johtamisen palvelut k&auml;ytt&ouml;&ouml;si\",\"publisher\":{\"@id\":\"https:\\\/\\\/www.acerina.fi\\\/#organization\"},\"potentialAction\":[{\"@type\":\"SearchAction\",\"target\":{\"@type\":\"EntryPoint\",\"urlTemplate\":\"https:\\\/\\\/www.acerina.fi\\\/?s={search_term_string}\"},\"query-input\":{\"@type\":\"PropertyValueSpecification\",\"valueRequired\":true,\"valueName\":\"search_term_string\"}}],\"inLanguage\":\"fi\"},{\"@type\":\"Organization\",\"@id\":\"https:\\\/\\\/www.acerina.fi\\\/#organization\",\"name\":\"Acerina Oy\",\"url\":\"https:\\\/\\\/www.acerina.fi\\\/\",\"logo\":{\"@type\":\"ImageObject\",\"inLanguage\":\"fi\",\"@id\":\"https:\\\/\\\/www.acerina.fi\\\/#\\\/schema\\\/logo\\\/image\\\/\",\"url\":\"https:\\\/\\\/www.acerina.fi\\\/wp-content\\\/uploads\\\/2025\\\/03\\\/cropped-AcerinaNEW_logoPNG-valkoinen.png\",\"contentUrl\":\"https:\\\/\\\/www.acerina.fi\\\/wp-content\\\/uploads\\\/2025\\\/03\\\/cropped-AcerinaNEW_logoPNG-valkoinen.png\",\"width\":470,\"height\":470,\"caption\":\"Acerina Oy\"},\"image\":{\"@id\":\"https:\\\/\\\/www.acerina.fi\\\/#\\\/schema\\\/logo\\\/image\\\/\"},\"sameAs\":[\"https:\\\/\\\/www.linkedin.com\\\/company\\\/acerina-oy\\\/\"]}]}<\/script>\n<!-- \/ Yoast SEO plugin. -->","yoast_head_json":{"title":"IT-ulkoistuksen ja palveluntuottajien hallinta - Acerina Oy","description":"Maksatteko IT-palveluistanne liikaa tai onko ulkoistettu IT aidosti liiketoiminnan tukena. Autamme kilpailutuksissa ja sopimuksissa","robots":{"index":"index","follow":"follow","max-snippet":"max-snippet:-1","max-image-preview":"max-image-preview:large","max-video-preview":"max-video-preview:-1"},"canonical":"https:\/\/www.acerina.fi\/index.php\/palvelut\/it-ulkoistuksen-ja-palveluntuottajien-hallinta\/","og_locale":"fi_FI","og_type":"article","og_title":"IT-ulkoistuksen ja palveluntuottajien hallinta - Acerina Oy","og_description":"Maksatteko IT-palveluistanne liikaa tai onko ulkoistettu IT aidosti liiketoiminnan tukena. Autamme kilpailutuksissa ja sopimuksissa","og_url":"https:\/\/www.acerina.fi\/index.php\/palvelut\/it-ulkoistuksen-ja-palveluntuottajien-hallinta\/","og_site_name":"Acerina Oy","article_modified_time":"2025-04-25T09:29:49+00:00","twitter_card":"summary_large_image","twitter_misc":{"Arvioitu lukuaika":"1 minuutti"},"schema":{"@context":"https:\/\/schema.org","@graph":[{"@type":"WebPage","@id":"https:\/\/www.acerina.fi\/index.php\/palvelut\/it-ulkoistuksen-ja-palveluntuottajien-hallinta\/","url":"https:\/\/www.acerina.fi\/index.php\/palvelut\/it-ulkoistuksen-ja-palveluntuottajien-hallinta\/","name":"IT-ulkoistuksen ja palveluntuottajien hallinta - Acerina Oy","isPartOf":{"@id":"https:\/\/www.acerina.fi\/#website"},"datePublished":"2025-03-28T10:31:52+00:00","dateModified":"2025-04-25T09:29:49+00:00","description":"Maksatteko IT-palveluistanne liikaa tai onko ulkoistettu IT aidosti liiketoiminnan tukena. Autamme kilpailutuksissa ja sopimuksissa","breadcrumb":{"@id":"https:\/\/www.acerina.fi\/index.php\/palvelut\/it-ulkoistuksen-ja-palveluntuottajien-hallinta\/#breadcrumb"},"inLanguage":"fi","potentialAction":[{"@type":"ReadAction","target":["https:\/\/www.acerina.fi\/index.php\/palvelut\/it-ulkoistuksen-ja-palveluntuottajien-hallinta\/"]}]},{"@type":"BreadcrumbList","@id":"https:\/\/www.acerina.fi\/index.php\/palvelut\/it-ulkoistuksen-ja-palveluntuottajien-hallinta\/#breadcrumb","itemListElement":[{"@type":"ListItem","position":1,"name":"Etusivu","item":"https:\/\/www.acerina.fi\/"},{"@type":"ListItem","position":2,"name":"Palvelut","item":"https:\/\/www.acerina.fi\/index.php\/palvelut\/"},{"@type":"ListItem","position":3,"name":"IT-ulkoistuksen ja palveluntuottajien hallinta"}]},{"@type":"WebSite","@id":"https:\/\/www.acerina.fi\/#website","url":"https:\/\/www.acerina.fi\/","name":"Acerina Oy","description":"IT-johtamisen palvelut k&auml;ytt&ouml;&ouml;si","publisher":{"@id":"https:\/\/www.acerina.fi\/#organization"},"potentialAction":[{"@type":"SearchAction","target":{"@type":"EntryPoint","urlTemplate":"https:\/\/www.acerina.fi\/?s={search_term_string}"},"query-input":{"@type":"PropertyValueSpecification","valueRequired":true,"valueName":"search_term_string"}}],"inLanguage":"fi"},{"@type":"Organization","@id":"https:\/\/www.acerina.fi\/#organization","name":"Acerina Oy","url":"https:\/\/www.acerina.fi\/","logo":{"@type":"ImageObject","inLanguage":"fi","@id":"https:\/\/www.acerina.fi\/#\/schema\/logo\/image\/","url":"https:\/\/www.acerina.fi\/wp-content\/uploads\/2025\/03\/cropped-AcerinaNEW_logoPNG-valkoinen.png","contentUrl":"https:\/\/www.acerina.fi\/wp-content\/uploads\/2025\/03\/cropped-AcerinaNEW_logoPNG-valkoinen.png","width":470,"height":470,"caption":"Acerina Oy"},"image":{"@id":"https:\/\/www.acerina.fi\/#\/schema\/logo\/image\/"},"sameAs":["https:\/\/www.linkedin.com\/company\/acerina-oy\/"]}]}},"_links":{"self":[{"href":"https:\/\/www.acerina.fi\/index.php\/wp-json\/wp\/v2\/pages\/100","targetHints":{"allow":["GET"]}}],"collection":[{"href":"https:\/\/www.acerina.fi\/index.php\/wp-json\/wp\/v2\/pages"}],"about":[{"href":"https:\/\/www.acerina.fi\/index.php\/wp-json\/wp\/v2\/types\/page"}],"author":[{"embeddable":true,"href":"https:\/\/www.acerina.fi\/index.php\/wp-json\/wp\/v2\/users\/1"}],"replies":[{"embeddable":true,"href":"https:\/\/www.acerina.fi\/index.php\/wp-json\/wp\/v2\/comments?post=100"}],"version-history":[{"count":3,"href":"https:\/\/www.acerina.fi\/index.php\/wp-json\/wp\/v2\/pages\/100\/revisions"}],"predecessor-version":[{"id":215,"href":"https:\/\/www.acerina.fi\/index.php\/wp-json\/wp\/v2\/pages\/100\/revisions\/215"}],"up":[{"embeddable":true,"href":"https:\/\/www.acerina.fi\/index.php\/wp-json\/wp\/v2\/pages\/82"}],"wp:attachment":[{"href":"https:\/\/www.acerina.fi\/index.php\/wp-json\/wp\/v2\/media?parent=100"}],"curies":[{"name":"wp","href":"https:\/\/api.w.org\/{rel}","templated":true}]}}